{"id":351,"date":"2023-12-02T17:14:47","date_gmt":"2023-12-02T16:14:47","guid":{"rendered":"https:\/\/atelier-ruca.fr\/?post_type=product&#038;p=351"},"modified":"2025-12-09T21:39:20","modified_gmt":"2025-12-09T20:39:20","slug":"soliflor-ebonise","status":"publish","type":"product","link":"https:\/\/atelier-ruca.fr\/index.php\/produit\/soliflor-ebonise\/","title":{"rendered":"Soliflor"},"content":{"rendered":"<p>Soliflor en ch\u00eane \u00e9bonis\u00e9.<\/p>\n<p>Pour fleurs s\u00e9ch\u00e9es.<\/p>\n<p>Taille 17,5cm<\/p>\n<p>&nbsp;<\/p>\n","protected":false},"excerpt":{"rendered":"<p>Soliflor en ch\u00eane \u00e9bonis\u00e9. Pour fleurs s\u00e9ch\u00e9es. Taille 17,5cm &nbsp;<\/p>\n","protected":false},"featured_media":350,"comment_status":"open","ping_status":"closed","template":"","meta":[],"product_cat":[17,27],"product_tag":[],"class_list":{"0":"post-351","1":"product","2":"type-product","3":"status-publish","4":"has-post-thumbnail","6":"product_cat-decoration-interieure","7":"product_cat-soliflore-bois","9":"first","10":"outofstock","11":"purchasable","12":"product-type-simple"},"_links":{"self":[{"href":"https:\/\/atelier-ruca.fr\/index.php\/wp-json\/wp\/v2\/product\/351","targetHints":{"allow":["GET"]}}],"collection":[{"href":"https:\/\/atelier-ruca.fr\/index.php\/wp-json\/wp\/v2\/product"}],"about":[{"href":"https:\/\/atelier-ruca.fr\/index.php\/wp-json\/wp\/v2\/types\/product"}],"replies":[{"embeddable":true,"href":"https:\/\/atelier-ruca.fr\/index.php\/wp-json\/wp\/v2\/comments?post=351"}],"wp:featuredmedia":[{"embeddable":true,"href":"https:\/\/atelier-ruca.fr\/index.php\/wp-json\/wp\/v2\/media\/350"}],"wp:attachment":[{"href":"https:\/\/atelier-ruca.fr\/index.php\/wp-json\/wp\/v2\/media?parent=351"}],"wp:term":[{"taxonomy":"product_cat","embeddable":true,"href":"https:\/\/atelier-ruca.fr\/index.php\/wp-json\/wp\/v2\/product_cat?post=351"},{"taxonomy":"product_tag","embeddable":true,"href":"https:\/\/atelier-ruca.fr\/index.php\/wp-json\/wp\/v2\/product_tag?post=351"}],"curies":[{"name":"wp","href":"https:\/\/api.w.org\/{rel}","templated":true}]}}