{"id":379,"date":"2023-12-02T14:56:50","date_gmt":"2023-12-02T13:56:50","guid":{"rendered":"https:\/\/atelier-ruca.fr\/?post_type=product&#038;p=379"},"modified":"2024-12-06T16:38:25","modified_gmt":"2024-12-06T15:38:25","slug":"vide-poche-texture","status":"publish","type":"product","link":"https:\/\/atelier-ruca.fr\/index.php\/produit\/vide-poche-texture\/","title":{"rendered":"Vide poche textur\u00e9"},"content":{"rendered":"<p>Vide poche, ou bol, \u00e0 vous de choisir, en Fr\u00eane Savoyard textur\u00e9 \u00e0 la main dans mon atelier en Haute-savoie.<\/p>\n<p>Taille : 19,5cm x 4,5cm<\/p>\n","protected":false},"excerpt":{"rendered":"<p>Vide poche, ou bol, \u00e0 vous de choisir, en Fr\u00eane Savoyard textur\u00e9 \u00e0 la main dans mon atelier en Haute-savoie. Taille : 19,5cm x 4,5cm<\/p>\n","protected":false},"featured_media":375,"comment_status":"open","ping_status":"closed","template":"","meta":[],"product_cat":[17,23],"product_tag":[],"class_list":{"0":"post-379","1":"product","2":"type-product","3":"status-publish","4":"has-post-thumbnail","6":"product_cat-decoration-interieure","7":"product_cat-vaisselle-en-bois","9":"first","10":"instock","11":"purchasable","12":"product-type-simple"},"_links":{"self":[{"href":"https:\/\/atelier-ruca.fr\/index.php\/wp-json\/wp\/v2\/product\/379","targetHints":{"allow":["GET"]}}],"collection":[{"href":"https:\/\/atelier-ruca.fr\/index.php\/wp-json\/wp\/v2\/product"}],"about":[{"href":"https:\/\/atelier-ruca.fr\/index.php\/wp-json\/wp\/v2\/types\/product"}],"replies":[{"embeddable":true,"href":"https:\/\/atelier-ruca.fr\/index.php\/wp-json\/wp\/v2\/comments?post=379"}],"wp:featuredmedia":[{"embeddable":true,"href":"https:\/\/atelier-ruca.fr\/index.php\/wp-json\/wp\/v2\/media\/375"}],"wp:attachment":[{"href":"https:\/\/atelier-ruca.fr\/index.php\/wp-json\/wp\/v2\/media?parent=379"}],"wp:term":[{"taxonomy":"product_cat","embeddable":true,"href":"https:\/\/atelier-ruca.fr\/index.php\/wp-json\/wp\/v2\/product_cat?post=379"},{"taxonomy":"product_tag","embeddable":true,"href":"https:\/\/atelier-ruca.fr\/index.php\/wp-json\/wp\/v2\/product_tag?post=379"}],"curies":[{"name":"wp","href":"https:\/\/api.w.org\/{rel}","templated":true}]}}