{"id":418,"date":"2023-12-02T15:25:29","date_gmt":"2023-12-02T14:25:29","guid":{"rendered":"https:\/\/atelier-ruca.fr\/?post_type=product&#038;p=418"},"modified":"2025-12-09T21:39:20","modified_gmt":"2025-12-09T20:39:20","slug":"coupelle-ebonisee","status":"publish","type":"product","link":"https:\/\/atelier-ruca.fr\/index.php\/produit\/coupelle-ebonisee\/","title":{"rendered":"Coupelle \u00e9bonis\u00e9e"},"content":{"rendered":"<p>Coupelle en bois. Ch\u00eane Savoyard \u00e9bonis\u00e9. Compatible alimentaire.<\/p>\n<p>Taille 16,5cm<\/p>\n","protected":false},"excerpt":{"rendered":"<p>Coupelle en bois. Ch\u00eane Savoyard \u00e9bonis\u00e9. Compatible alimentaire. Taille 16,5cm<\/p>\n","protected":false},"featured_media":408,"comment_status":"open","ping_status":"closed","template":"","meta":[],"product_cat":[17,23],"product_tag":[],"class_list":{"0":"post-418","1":"product","2":"type-product","3":"status-publish","4":"has-post-thumbnail","6":"product_cat-decoration-interieure","7":"product_cat-vaisselle-en-bois","9":"first","10":"outofstock","11":"purchasable","12":"product-type-simple"},"_links":{"self":[{"href":"https:\/\/atelier-ruca.fr\/index.php\/wp-json\/wp\/v2\/product\/418","targetHints":{"allow":["GET"]}}],"collection":[{"href":"https:\/\/atelier-ruca.fr\/index.php\/wp-json\/wp\/v2\/product"}],"about":[{"href":"https:\/\/atelier-ruca.fr\/index.php\/wp-json\/wp\/v2\/types\/product"}],"replies":[{"embeddable":true,"href":"https:\/\/atelier-ruca.fr\/index.php\/wp-json\/wp\/v2\/comments?post=418"}],"wp:featuredmedia":[{"embeddable":true,"href":"https:\/\/atelier-ruca.fr\/index.php\/wp-json\/wp\/v2\/media\/408"}],"wp:attachment":[{"href":"https:\/\/atelier-ruca.fr\/index.php\/wp-json\/wp\/v2\/media?parent=418"}],"wp:term":[{"taxonomy":"product_cat","embeddable":true,"href":"https:\/\/atelier-ruca.fr\/index.php\/wp-json\/wp\/v2\/product_cat?post=418"},{"taxonomy":"product_tag","embeddable":true,"href":"https:\/\/atelier-ruca.fr\/index.php\/wp-json\/wp\/v2\/product_tag?post=418"}],"curies":[{"name":"wp","href":"https:\/\/api.w.org\/{rel}","templated":true}]}}