{"id":530,"date":"2024-12-08T15:43:11","date_gmt":"2024-12-08T14:43:11","guid":{"rendered":"https:\/\/atelier-ruca.fr\/?post_type=product&#038;p=530"},"modified":"2025-12-09T21:39:20","modified_gmt":"2025-12-09T20:39:20","slug":"assiette-en-bois","status":"publish","type":"product","link":"https:\/\/atelier-ruca.fr\/index.php\/produit\/assiette-en-bois\/","title":{"rendered":"Assiette fr\u00eane"},"content":{"rendered":"<p>Assiette en bois, fait main. Objet durable et unique.<\/p>\n<p>dimensions : diametre 18,5cm hauteur 2,5cm<\/p>\n<h3>Entretien<\/h3>\n<ul>\n<li><strong>Nettoyage<\/strong> : \u00c0 la main avec de l&rsquo;eau ti\u00e8de et un savon doux ; \u00e9viter de tremper dans l&rsquo;eau.<\/li>\n<li><strong>Maintien<\/strong> : Huilez r\u00e9guli\u00e8rement pour pr\u00e9server le bois et \u00e9viter qu&rsquo;il ne se fende.<\/li>\n<\/ul>\n","protected":false},"excerpt":{"rendered":"<p>Assiette en bois, fait main. Objet durable et unique. dimensions : diametre 18,5cm hauteur 2,5cm Entretien Nettoyage : \u00c0 la main avec de l&rsquo;eau ti\u00e8de et un savon doux ; \u00e9viter de tremper dans l&rsquo;eau. Maintien : Huilez r\u00e9guli\u00e8rement pour pr\u00e9server le bois et \u00e9viter qu&rsquo;il ne se fende.<\/p>\n","protected":false},"featured_media":534,"comment_status":"open","ping_status":"closed","template":"","meta":[],"product_cat":[17,23],"product_tag":[],"class_list":{"0":"post-530","1":"product","2":"type-product","3":"status-publish","4":"has-post-thumbnail","6":"product_cat-decoration-interieure","7":"product_cat-vaisselle-en-bois","9":"first","10":"outofstock","11":"purchasable","12":"product-type-simple"},"_links":{"self":[{"href":"https:\/\/atelier-ruca.fr\/index.php\/wp-json\/wp\/v2\/product\/530","targetHints":{"allow":["GET"]}}],"collection":[{"href":"https:\/\/atelier-ruca.fr\/index.php\/wp-json\/wp\/v2\/product"}],"about":[{"href":"https:\/\/atelier-ruca.fr\/index.php\/wp-json\/wp\/v2\/types\/product"}],"replies":[{"embeddable":true,"href":"https:\/\/atelier-ruca.fr\/index.php\/wp-json\/wp\/v2\/comments?post=530"}],"wp:featuredmedia":[{"embeddable":true,"href":"https:\/\/atelier-ruca.fr\/index.php\/wp-json\/wp\/v2\/media\/534"}],"wp:attachment":[{"href":"https:\/\/atelier-ruca.fr\/index.php\/wp-json\/wp\/v2\/media?parent=530"}],"wp:term":[{"taxonomy":"product_cat","embeddable":true,"href":"https:\/\/atelier-ruca.fr\/index.php\/wp-json\/wp\/v2\/product_cat?post=530"},{"taxonomy":"product_tag","embeddable":true,"href":"https:\/\/atelier-ruca.fr\/index.php\/wp-json\/wp\/v2\/product_tag?post=530"}],"curies":[{"name":"wp","href":"https:\/\/api.w.org\/{rel}","templated":true}]}}