{"id":575,"date":"2025-05-12T15:00:19","date_gmt":"2025-05-12T13:00:19","guid":{"rendered":"https:\/\/atelier-ruca.fr\/index.php\/produit\/porte-bijoux\/"},"modified":"2025-10-13T22:27:47","modified_gmt":"2025-10-13T20:27:47","slug":"porte-bijoux","status":"publish","type":"product","link":"https:\/\/atelier-ruca.fr\/index.php\/produit\/porte-bijoux\/","title":{"rendered":"Porte bijoux"},"content":{"rendered":"<p>Ce porte bijoux allie simplicit\u00e9 et \u00e9l\u00e9gance.<\/p>\n<p>Chaque pi\u00e8ce est unique, avec ses propres nuances, ses veines naturelles et son caract\u00e8re authentique.<\/p>\n<p>Id\u00e9al pour y d\u00e9poser vos colliers, bagues, bracelets ou boucles d&rsquo;oreilles.<\/p>\n<p>Il trouvera facilement sa place sur une coiffeuse, une \u00e9tag\u00e8re ou un table de chevet.<\/p>\n<p>Fait main en Haute-Savoie dans mon atelier<\/p>\n<p>Essence fr\u00eane olivier<\/p>\n<p>Dimension 12cm de diam\u00e8tre<\/p>\n","protected":false},"excerpt":{"rendered":"<p>Ce porte bijoux allie simplicit\u00e9 et \u00e9l\u00e9gance. Chaque pi\u00e8ce est unique, avec ses propres nuances, ses veines naturelles et son caract\u00e8re authentique. Id\u00e9al pour y d\u00e9poser vos colliers, bagues, bracelets ou boucles d&rsquo;oreilles. Il trouvera facilement sa place sur une coiffeuse, une \u00e9tag\u00e8re ou un table de chevet. Fait main en Haute-Savoie dans mon atelier &hellip; <\/p>\n<p class=\"link-more\"><a href=\"https:\/\/atelier-ruca.fr\/index.php\/produit\/porte-bijoux\/\" class=\"more-link\">Lire la suite de<span class=\"screen-reader-text\">\u00ab\u00a0Porte bijoux\u00a0\u00bb<\/span><\/a><\/p>\n","protected":false},"featured_media":576,"comment_status":"open","ping_status":"closed","template":"","meta":[],"product_cat":[17,24],"product_tag":[],"class_list":{"0":"post-575","1":"product","2":"type-product","3":"status-publish","4":"has-post-thumbnail","6":"product_cat-decoration-interieure","7":"product_cat-vendu","9":"first","10":"outofstock","11":"purchasable","12":"product-type-simple"},"_links":{"self":[{"href":"https:\/\/atelier-ruca.fr\/index.php\/wp-json\/wp\/v2\/product\/575","targetHints":{"allow":["GET"]}}],"collection":[{"href":"https:\/\/atelier-ruca.fr\/index.php\/wp-json\/wp\/v2\/product"}],"about":[{"href":"https:\/\/atelier-ruca.fr\/index.php\/wp-json\/wp\/v2\/types\/product"}],"replies":[{"embeddable":true,"href":"https:\/\/atelier-ruca.fr\/index.php\/wp-json\/wp\/v2\/comments?post=575"}],"wp:featuredmedia":[{"embeddable":true,"href":"https:\/\/atelier-ruca.fr\/index.php\/wp-json\/wp\/v2\/media\/576"}],"wp:attachment":[{"href":"https:\/\/atelier-ruca.fr\/index.php\/wp-json\/wp\/v2\/media?parent=575"}],"wp:term":[{"taxonomy":"product_cat","embeddable":true,"href":"https:\/\/atelier-ruca.fr\/index.php\/wp-json\/wp\/v2\/product_cat?post=575"},{"taxonomy":"product_tag","embeddable":true,"href":"https:\/\/atelier-ruca.fr\/index.php\/wp-json\/wp\/v2\/product_tag?post=575"}],"curies":[{"name":"wp","href":"https:\/\/api.w.org\/{rel}","templated":true}]}}